{"id":166,"date":"2022-12-19T12:00:36","date_gmt":"2022-12-19T11:00:36","guid":{"rendered":"https:\/\/fjermestadagri\/fjermestadagri.no\/?post_type=product&#038;p=166"},"modified":"2023-01-18T21:01:48","modified_gmt":"2023-01-18T20:01:48","slug":"gjerdestolpe-9-5-x-9-5-firkant","status":"publish","type":"product","link":"https:\/\/fjermestadagri.no\/index.php\/produkt\/gjerdestolpe-9-5-x-9-5-firkant\/","title":{"rendered":"Gjerdestolpe 9.5 x 9.5 &#8211; firkant"},"content":{"rendered":"<p>Attraktive gjerdestolper med h\u00f8y finish, spisse i den ene enden, skr\u00e5stilt p\u00e5 langs og p\u00e5 toppen, dermed ingen skarpe kanter. Brukes ogs\u00e5 som grensegjerde. Stolpene finnes i dimensjonene 7,5 x 7,5 cm og 9,5 x 9,5 cm og lengdene 175, 200 og 220 cm.<\/p>\n","protected":false},"excerpt":{"rendered":"<p><span class=\"Y2IQFc\" lang=\"no\">Attraktive gjerdestolper med h\u00f8y finish, spisse i den ene enden, skr\u00e5stilt p\u00e5 langs og p\u00e5 toppen, dermed ingen skarpe kanter. Brukes ogs\u00e5 som grensegjerde.<\/span><\/p>\n","protected":false},"featured_media":106,"template":"","meta":[],"product_cat":[22],"product_tag":[],"class_list":{"0":"post-166","1":"product","2":"type-product","3":"status-publish","4":"has-post-thumbnail","6":"product_cat-gjerdestolper","8":"first","9":"instock","10":"shipping-taxable","11":"product-type-variable"},"_links":{"self":[{"href":"https:\/\/fjermestadagri.no\/index.php\/wp-json\/wp\/v2\/product\/166","targetHints":{"allow":["GET"]}}],"collection":[{"href":"https:\/\/fjermestadagri.no\/index.php\/wp-json\/wp\/v2\/product"}],"about":[{"href":"https:\/\/fjermestadagri.no\/index.php\/wp-json\/wp\/v2\/types\/product"}],"wp:featuredmedia":[{"embeddable":true,"href":"https:\/\/fjermestadagri.no\/index.php\/wp-json\/wp\/v2\/media\/106"}],"wp:attachment":[{"href":"https:\/\/fjermestadagri.no\/index.php\/wp-json\/wp\/v2\/media?parent=166"}],"wp:term":[{"taxonomy":"product_cat","embeddable":true,"href":"https:\/\/fjermestadagri.no\/index.php\/wp-json\/wp\/v2\/product_cat?post=166"},{"taxonomy":"product_tag","embeddable":true,"href":"https:\/\/fjermestadagri.no\/index.php\/wp-json\/wp\/v2\/product_tag?post=166"}],"curies":[{"name":"wp","href":"https:\/\/api.w.org\/{rel}","templated":true}]}}